{"id":2,"date":"2019-01-19T10:37:55","date_gmt":"2019-01-19T10:37:55","guid":{"rendered":"http:\/\/butterbrezn.com\/?page_id=2"},"modified":"2019-03-10T13:54:30","modified_gmt":"2019-03-10T13:54:30","slug":"sample-page","status":"publish","type":"page","link":"https:\/\/butterbrezn.com\/index.php\/sample-page\/","title":{"rendered":"Markus, Wer bin ich."},"content":{"rendered":"\n<p>Guten Tag lieber Leser,<\/p>\n\n\n\n<p>Du hast dich also auf meine Seite verirrt und weist noch nicht wer ich bin oder was hier passiert? Na dann m\u00f6chte ich dir mal dazu hier etwas berichten.<\/p>\n\n\n\n<blockquote class=\"wp-block-quote\"><p>Ich hei\u00dfe Markus bin 28 Jahre alt und zur Zeit bin ich als Programmierer t\u00e4tig. Ich komme aus den Stauden, dies ist eine Region in der N\u00e4he von Augsburg. In einem kleinen Dorf lebe ich hier in meiner eigenen Wohnung welche sich im Haus meiner Eltern befindet. Zu meinen Hobbies geh\u00f6rt, Motorrad fahren, mit Freunden spielen ob das nun digitale oder analoge Spiele sind ist egal, Schwimmen, Reisen, Freizeitparks besuchen und ab und an ein Interessantes Buch lesen.<\/p><\/blockquote>\n\n\n\n<p>Was ist das hier?<\/p>\n\n\n\n<blockquote class=\"wp-block-quote\"><p>Naja ein Blog \u00fcber meine Reise die ich in Japan t\u00e4tigen werde (16.3-2.5).<\/p><p>Ein Arbeitskollege von mir hat so etwas schon gemacht und ich fand die Idee so cool das er mir zum Geburtstag diese Seite geschenkt hat. (Hier geht es zu seiner Seite: http:\/\/vietnam.glowingghost.de\/).<\/p><p>Deshalb werde ich hier auch immer mal wieder wenn ich was tolles erlebt habe und ich es den Leuten sagen m\u00f6chte einen Post machen. Somit kann man sich hier ein kleines Bild von Japan machen und ob man vielleicht selbst dort mal hin m\u00f6chte.<\/p><\/blockquote>\n\n\n\n<p>Falls du sonst noch nun Fragen hast oder etwas wissen willst lass es mich wissen. Ansonsten w\u00fcnsche ich dir viel Spa\u00df beim Lesen und mitfiebern meines ersten Blogs.<\/p>\n\n\n\n<p>Mit Freundlichen Gru\u00df, Markus<\/p>\n","protected":false},"excerpt":{"rendered":"<p>Guten Tag lieber Leser, Du hast dich also auf meine Seite verirrt und weist noch nicht wer ich bin oder was hier passiert? Na dann m\u00f6chte ich dir mal dazu hier etwas berichten. Ich hei\u00dfe Markus bin 28 Jahre alt und zur Zeit bin ich als Programmierer t\u00e4tig. Ich komme aus den Stauden, dies ist eine Region in der N\u00e4he von Augsburg. In einem kleinen Dorf lebe ich hier in meiner eigenen Wohnung welche sich im Haus meiner Eltern befindet&#8230;.<\/p>\n<p class=\"read-more\"><a class=\"btn btn-default\" href=\"https:\/\/butterbrezn.com\/index.php\/sample-page\/\"> Read More<span class=\"screen-reader-text\">  Read More<\/span><\/a><\/p>\n","protected":false},"author":1,"featured_media":0,"parent":0,"menu_order":0,"comment_status":"closed","ping_status":"open","template":"","meta":[],"post_mailing_queue_ids":[],"_links":{"self":[{"href":"https:\/\/butterbrezn.com\/index.php\/wp-json\/wp\/v2\/pages\/2"}],"collection":[{"href":"https:\/\/butterbrezn.com\/index.php\/wp-json\/wp\/v2\/pages"}],"about":[{"href":"https:\/\/butterbrezn.com\/index.php\/wp-json\/wp\/v2\/types\/page"}],"author":[{"embeddable":true,"href":"https:\/\/butterbrezn.com\/index.php\/wp-json\/wp\/v2\/users\/1"}],"replies":[{"embeddable":true,"href":"https:\/\/butterbrezn.com\/index.php\/wp-json\/wp\/v2\/comments?post=2"}],"version-history":[{"count":1,"href":"https:\/\/butterbrezn.com\/index.php\/wp-json\/wp\/v2\/pages\/2\/revisions"}],"predecessor-version":[{"id":19,"href":"https:\/\/butterbrezn.com\/index.php\/wp-json\/wp\/v2\/pages\/2\/revisions\/19"}],"wp:attachment":[{"href":"https:\/\/butterbrezn.com\/index.php\/wp-json\/wp\/v2\/media?parent=2"}],"curies":[{"name":"wp","href":"https:\/\/api.w.org\/{rel}","templated":true}]}}