{"id":116,"date":"2019-03-23T13:42:37","date_gmt":"2019-03-23T12:42:37","guid":{"rendered":"http:\/\/butterbrezn.com\/?page_id=116"},"modified":"2019-03-23T13:42:37","modified_gmt":"2019-03-23T12:42:37","slug":"die-schriften-von-japan","status":"publish","type":"page","link":"https:\/\/butterbrezn.com\/index.php\/die-schriften-von-japan\/","title":{"rendered":"Die Schriften von Japan"},"content":{"rendered":"\n<p>Ja die Schrift in Japan ist so eine Sache f\u00fcr sich w\u00e4hrend wir hier unsere 26 Buchstaben haben und mit diesen in verschiedenen Kombinationen unsere W\u00f6rter bauen haben die Japaner gleich 3 verschiedene Arten von Schriften. Diese sind Hiragana, Katakana und das Kanji. Aber warum haben die diese 3 Sachen, das hat sich mit der Zeit eben so ergeben. Hierbei kann man sagen Hiragana und Katakana sind eigentlich gleich zwar werden sie unterschiedlich geschrieben aber beides bedeutet das selbe, ca wie das ss und \u00df aber es ist nicht wie bei uns Hiragana wird dabei meist benutz um S\u00e4tze zu bilden und bekannte W\u00f6rter, das Katakana wird eher f\u00fcr Fremdw\u00f6rter benutzt, deshalb sieht man eher das Hiragana auf den japanischen Stra\u00dfen. Wenn es nur diese g\u00e4be w\u00e4re es leichter weil das Hiragana\/Katakana baut auf 45 &#8220;Grundbuchstaben&#8221; auf. Man kann dann eben durch bestimmte Kleinlichkeiten andere Sachen bilden wie das ein Buchstabe der bei uns ein &#8220;ta&#8221; bedeutet wird mit hinzuf\u00fcgen von &#8220; zu einem f\u00fcr uns sprechenden &#8220;da&#8221;. Das kann man relativ gut und mit nicht gro\u00dfen Aufwand lernen und benutzen aber dazu kommt dann das extreme Kanji. Kanji ist eher wie ein Buchstabe der ein Wort beschreibt. Sagen wir im Deutschen nehmen wir das Wort Bett nun gibt es hier ja in WhatsApp und Co schon ein Emoji welches Bildlich ein Bett darstellt wenn wir das nun umwandeln und sagen dieses kann man nun auch auf der Strasse benutzten in dem man ein B mit einem T in sich schreib wird das ganze schon sehr un\u00fcbersichtlich und schwer f\u00fcr jemanden der das so nicht kennt. Das Kanji ist eben so etwas aber nicht so einfach wie oben beschrieben, das Kanji hat keine Grund Form man kann also nicht auf etwas schlie\u00dfen von der Form aus sondern man muss alle Kanji kennen, das sind auch nur schlappe 214 sind welche in Benutzung sind. Ja es gibt \u00fcber 500 Kanji&#8217;s eigentlich. Und diese kann man eben nur lernen in dem man sie auswendig lernt. Keine Aufgabe die man mal so neben zu in einem 6 W\u00f6chigen Urlaub in Japan macht.<\/p>\n\n\n\n<p>Hoffe dieser kleine Exkurs hat dir gefallen \ud83d\ude42 <\/p>\n","protected":false},"excerpt":{"rendered":"<p>Ja die Schrift in Japan ist so eine Sache f\u00fcr sich w\u00e4hrend wir hier unsere 26 Buchstaben haben und mit diesen in verschiedenen Kombinationen unsere W\u00f6rter bauen haben die Japaner gleich 3 verschiedene Arten von Schriften. Diese sind Hiragana, Katakana und das Kanji. Aber warum haben die diese 3 Sachen, das hat sich mit der Zeit eben so ergeben. Hierbei kann man sagen Hiragana und Katakana sind eigentlich gleich zwar werden sie unterschiedlich geschrieben aber beides bedeutet das selbe, ca&#8230;<\/p>\n<p class=\"read-more\"><a class=\"btn btn-default\" href=\"https:\/\/butterbrezn.com\/index.php\/die-schriften-von-japan\/\"> Read More<span class=\"screen-reader-text\">  Read More<\/span><\/a><\/p>\n","protected":false},"author":1,"featured_media":0,"parent":0,"menu_order":0,"comment_status":"closed","ping_status":"closed","template":"","meta":[],"post_mailing_queue_ids":[],"_links":{"self":[{"href":"https:\/\/butterbrezn.com\/index.php\/wp-json\/wp\/v2\/pages\/116"}],"collection":[{"href":"https:\/\/butterbrezn.com\/index.php\/wp-json\/wp\/v2\/pages"}],"about":[{"href":"https:\/\/butterbrezn.com\/index.php\/wp-json\/wp\/v2\/types\/page"}],"author":[{"embeddable":true,"href":"https:\/\/butterbrezn.com\/index.php\/wp-json\/wp\/v2\/users\/1"}],"replies":[{"embeddable":true,"href":"https:\/\/butterbrezn.com\/index.php\/wp-json\/wp\/v2\/comments?post=116"}],"version-history":[{"count":1,"href":"https:\/\/butterbrezn.com\/index.php\/wp-json\/wp\/v2\/pages\/116\/revisions"}],"predecessor-version":[{"id":117,"href":"https:\/\/butterbrezn.com\/index.php\/wp-json\/wp\/v2\/pages\/116\/revisions\/117"}],"wp:attachment":[{"href":"https:\/\/butterbrezn.com\/index.php\/wp-json\/wp\/v2\/media?parent=116"}],"curies":[{"name":"wp","href":"https:\/\/api.w.org\/{rel}","templated":true}]}}